{"id":73,"date":"2021-03-18T14:41:58","date_gmt":"2021-03-18T13:41:58","guid":{"rendered":"https:\/\/ludwighohl.ch\/cms\/?page_id=73"},"modified":"2025-10-29T19:12:50","modified_gmt":"2025-10-29T18:12:50","slug":"nachlass","status":"publish","type":"page","link":"https:\/\/ludwighohl.ch\/cms\/nachlass\/","title":{"rendered":"Nachlass"},"content":{"rendered":"\t\t<div data-elementor-type=\"wp-page\" data-elementor-id=\"73\" class=\"elementor elementor-73\" data-elementor-post-type=\"page\">\n\t\t\t\t\t\t<section class=\"elementor-section elementor-top-section elementor-element elementor-element-34b37267 elementor-section-full_width elementor-section-content-middle elementor-section-height-default elementor-section-height-default\" data-id=\"34b37267\" data-element_type=\"section\" data-e-type=\"section\" data-settings=\"{&quot;background_background&quot;:&quot;classic&quot;}\">\n\t\t\t\t\t\t<div class=\"elementor-container elementor-column-gap-default\">\n\t\t\t\t\t<div class=\"elementor-column elementor-col-100 elementor-top-column elementor-element elementor-element-6b5332dd\" data-id=\"6b5332dd\" data-element_type=\"column\" data-e-type=\"column\">\n\t\t\t<div class=\"elementor-widget-wrap elementor-element-populated\">\n\t\t\t\t\t\t<div class=\"elementor-element elementor-element-39dd5a2 elementor-widget elementor-widget-spacer\" data-id=\"39dd5a2\" data-element_type=\"widget\" data-e-type=\"widget\" data-widget_type=\"spacer.default\">\n\t\t\t\t<div class=\"elementor-widget-container\">\n\t\t\t\t\t\t\t<div class=\"elementor-spacer\">\n\t\t\t<div class=\"elementor-spacer-inner\"><\/div>\n\t\t<\/div>\n\t\t\t\t\t\t<\/div>\n\t\t\t\t<\/div>\n\t\t\t\t\t<\/div>\n\t\t<\/div>\n\t\t\t\t\t<\/div>\n\t\t<\/section>\n\t\t\t\t<section class=\"elementor-section elementor-top-section elementor-element elementor-element-58ce1ba elementor-section-full_width elementor-section-height-min-height elementor-section-content-middle elementor-section-height-default elementor-section-items-middle\" data-id=\"58ce1ba\" data-element_type=\"section\" data-e-type=\"section\" data-settings=\"{&quot;background_background&quot;:&quot;classic&quot;}\">\n\t\t\t\t\t\t<div class=\"elementor-container elementor-column-gap-default\">\n\t\t\t\t\t<div class=\"elementor-column elementor-col-100 elementor-top-column elementor-element elementor-element-11c97f8\" data-id=\"11c97f8\" data-element_type=\"column\" data-e-type=\"column\">\n\t\t\t<div class=\"elementor-widget-wrap elementor-element-populated\">\n\t\t\t\t\t\t<div class=\"elementor-element elementor-element-9592171 elementor-widget elementor-widget-heading\" data-id=\"9592171\" data-element_type=\"widget\" data-e-type=\"widget\" data-widget_type=\"heading.default\">\n\t\t\t\t<div class=\"elementor-widget-container\">\n\t\t\t\t\t<h4 class=\"elementor-heading-title elementor-size-default\">Alles ist Fragment gewesen,<div>was je geschaffen worden ist.<span style=\"color: var( --e-global-color-text );font-family: var( --e-global-typography-primary-font-family ), Sans-serif\"><\/span><\/div><\/h4>\t\t\t\t<\/div>\n\t\t\t\t<\/div>\n\t\t\t\t<div class=\"elementor-element elementor-element-c382840 elementor-widget elementor-widget-text-editor\" data-id=\"c382840\" data-element_type=\"widget\" data-e-type=\"widget\" data-widget_type=\"text-editor.default\">\n\t\t\t\t<div class=\"elementor-widget-container\">\n\t\t\t\t\t\t\t\t\t<p>Ludwig Hohl, Notizen II\/178, S. <span style=\"font-weight: 400;\">126.<\/span><\/p>\t\t\t\t\t\t\t\t<\/div>\n\t\t\t\t<\/div>\n\t\t\t\t\t<\/div>\n\t\t<\/div>\n\t\t\t\t\t<\/div>\n\t\t<\/section>\n\t\t\t\t<section class=\"elementor-section elementor-top-section elementor-element elementor-element-5240569 elementor-section-boxed elementor-section-height-default elementor-section-height-default\" data-id=\"5240569\" data-element_type=\"section\" data-e-type=\"section\">\n\t\t\t\t\t\t<div class=\"elementor-container elementor-column-gap-default\">\n\t\t\t\t\t<div class=\"elementor-column elementor-col-100 elementor-top-column elementor-element elementor-element-ba288ed\" data-id=\"ba288ed\" data-element_type=\"column\" data-e-type=\"column\">\n\t\t\t<div class=\"elementor-widget-wrap elementor-element-populated\">\n\t\t\t\t\t\t<div class=\"elementor-element elementor-element-e728c26 elementor-widget elementor-widget-spacer\" data-id=\"e728c26\" data-element_type=\"widget\" data-e-type=\"widget\" data-widget_type=\"spacer.default\">\n\t\t\t\t<div class=\"elementor-widget-container\">\n\t\t\t\t\t\t\t<div class=\"elementor-spacer\">\n\t\t\t<div class=\"elementor-spacer-inner\"><\/div>\n\t\t<\/div>\n\t\t\t\t\t\t<\/div>\n\t\t\t\t<\/div>\n\t\t\t\t<div class=\"elementor-element elementor-element-76fb514 elementor-widget elementor-widget-heading\" data-id=\"76fb514\" data-element_type=\"widget\" data-e-type=\"widget\" data-widget_type=\"heading.default\">\n\t\t\t\t<div class=\"elementor-widget-container\">\n\t\t\t\t\t<h2 class=\"elementor-heading-title elementor-size-default\">Nachlass<\/h2>\t\t\t\t<\/div>\n\t\t\t\t<\/div>\n\t\t\t\t<div class=\"elementor-element elementor-element-ad04e93 elementor-widget elementor-widget-spacer\" data-id=\"ad04e93\" data-element_type=\"widget\" data-e-type=\"widget\" data-widget_type=\"spacer.default\">\n\t\t\t\t<div class=\"elementor-widget-container\">\n\t\t\t\t\t\t\t<div class=\"elementor-spacer\">\n\t\t\t<div class=\"elementor-spacer-inner\"><\/div>\n\t\t<\/div>\n\t\t\t\t\t\t<\/div>\n\t\t\t\t<\/div>\n\t\t\t\t<div class=\"elementor-element elementor-element-5fbb7d0 elementor-widget elementor-widget-heading\" data-id=\"5fbb7d0\" data-element_type=\"widget\" data-e-type=\"widget\" data-widget_type=\"heading.default\">\n\t\t\t\t<div class=\"elementor-widget-container\">\n\t\t\t\t\t<h2 class=\"elementor-heading-title elementor-size-default\">Schweizerisches Literaturarchiv<\/h2>\t\t\t\t<\/div>\n\t\t\t\t<\/div>\n\t\t\t\t<div class=\"elementor-element elementor-element-6d90a25 elementor-widget elementor-widget-text-editor\" data-id=\"6d90a25\" data-element_type=\"widget\" data-e-type=\"widget\" data-widget_type=\"text-editor.default\">\n\t\t\t\t<div class=\"elementor-widget-container\">\n\t\t\t\t\t\t\t\t\t<p style=\"text-align: center;\"><span lang=\"de\">Der Nachlass von Ludwig Hohl im <a href=\"https:\/\/ead.nb.admin.ch\/html\/hohl.html\" target=\"_blank\" rel=\"noopener\">Schweizerischen Literaturarchiv<\/a> in Bern ist \u00f6ffentlich zug\u00e4nglich. Das reiche Schaffen des Autors kann dort in seiner materiellen Dimension erfahren werden. Die Konsultation ist allerdings nur im Lesesaal und auf <a href=\"https:\/\/www.nb.admin.ch\/snl\/de\/home\/ueber-uns\/sla\/nachlaesse-archive.html\" target=\"_blank\" rel=\"noopener\">Voranmeldung<\/a> hin m\u00f6glich.<\/span><\/p>\t\t\t\t\t\t\t\t<\/div>\n\t\t\t\t<\/div>\n\t\t\t\t<div class=\"elementor-element elementor-element-cbee7b1 elementor-view-default elementor-widget elementor-widget-icon\" data-id=\"cbee7b1\" data-element_type=\"widget\" data-e-type=\"widget\" data-widget_type=\"icon.default\">\n\t\t\t\t<div class=\"elementor-widget-container\">\n\t\t\t\t\t\t\t<div class=\"elementor-icon-wrapper\">\n\t\t\t<div class=\"elementor-icon\">\n\t\t\t<i aria-hidden=\"true\" class=\"icon icon-open-book\"><\/i>\t\t\t<\/div>\n\t\t<\/div>\n\t\t\t\t\t\t<\/div>\n\t\t\t\t<\/div>\n\t\t\t\t<div class=\"elementor-element elementor-element-3320022 elementor-widget elementor-widget-heading\" data-id=\"3320022\" data-element_type=\"widget\" data-e-type=\"widget\" data-widget_type=\"heading.default\">\n\t\t\t\t<div class=\"elementor-widget-container\">\n\t\t\t\t\t<h2 class=\"elementor-heading-title elementor-size-default\">Dreihundert Archivschachteln<\/h2>\t\t\t\t<\/div>\n\t\t\t\t<\/div>\n\t\t\t\t<div class=\"elementor-element elementor-element-a5747d4 elementor-widget elementor-widget-text-editor\" data-id=\"a5747d4\" data-element_type=\"widget\" data-e-type=\"widget\" data-widget_type=\"text-editor.default\">\n\t\t\t\t<div class=\"elementor-widget-container\">\n\t\t\t\t\t\t\t\t\t<p style=\"text-align: center;\"><span style=\"color: var( --e-global-color-text ); font-family: var( --e-global-typography-text-font-family ), Sans-serif; font-size: 1rem;\">Unter den bestehenden Inhalten findet man neben einigen unver\u00f6ffentlichten Texten auch zahlreiche hand- und maschinenschriftliche fr\u00fche Fassungen und Grundmanuskripte ver\u00f6ffentlichter Werke, umfangreiche Korrespondenz und diverse Dokumente aus seinem Leben.<\/span><\/p>\t\t\t\t\t\t\t\t<\/div>\n\t\t\t\t<\/div>\n\t\t\t\t<div class=\"elementor-element elementor-element-572aa9d elementor-view-default elementor-widget elementor-widget-icon\" data-id=\"572aa9d\" data-element_type=\"widget\" data-e-type=\"widget\" data-widget_type=\"icon.default\">\n\t\t\t\t<div class=\"elementor-widget-container\">\n\t\t\t\t\t\t\t<div class=\"elementor-icon-wrapper\">\n\t\t\t<div class=\"elementor-icon\">\n\t\t\t<i aria-hidden=\"true\" class=\"far fa-newspaper\"><\/i>\t\t\t<\/div>\n\t\t<\/div>\n\t\t\t\t\t\t<\/div>\n\t\t\t\t<\/div>\n\t\t\t\t<div class=\"elementor-element elementor-element-485af3e elementor-widget elementor-widget-heading\" data-id=\"485af3e\" data-element_type=\"widget\" data-e-type=\"widget\" data-widget_type=\"heading.default\">\n\t\t\t\t<div class=\"elementor-widget-container\">\n\t\t\t\t\t<h2 class=\"elementor-heading-title elementor-size-default\">Ton- und Bildmaterial <br>Zeitungs- und Zeitschriftenartikel<\/h2>\t\t\t\t<\/div>\n\t\t\t\t<\/div>\n\t\t\t\t<div class=\"elementor-element elementor-element-0d2afae elementor-widget elementor-widget-text-editor\" data-id=\"0d2afae\" data-element_type=\"widget\" data-e-type=\"widget\" data-widget_type=\"text-editor.default\">\n\t\t\t\t<div class=\"elementor-widget-container\">\n\t\t\t\t\t\t\t\t\t<p style=\"text-align: center;\"><span style=\"color: var( --e-global-color-text ); font-family: var( --e-global-typography-text-font-family ), Sans-serif; font-size: 1rem;\">Speziell zu erw\u00e4hnen ist eine \u2013 im Zeitraum zwischen 1960 und 1980 (fast) vollst\u00e4ndige \u2013 Sammlung von Zeitungs- und Zeitschriftenartikeln, die Hohl zu seinem Werk selber angelegt hatte.\u00a0<br \/><br \/>Fotos und Tonaufnahmen k\u00f6nnen im Lesesaal des Schweizerischen Literaturarchiv betrachtet werden.<br \/><\/span><\/p>\t\t\t\t\t\t\t\t<\/div>\n\t\t\t\t<\/div>\n\t\t\t\t<div class=\"elementor-element elementor-element-b77a0ad elementor-widget elementor-widget-spacer\" data-id=\"b77a0ad\" data-element_type=\"widget\" data-e-type=\"widget\" data-widget_type=\"spacer.default\">\n\t\t\t\t<div class=\"elementor-widget-container\">\n\t\t\t\t\t\t\t<div class=\"elementor-spacer\">\n\t\t\t<div class=\"elementor-spacer-inner\"><\/div>\n\t\t<\/div>\n\t\t\t\t\t\t<\/div>\n\t\t\t\t<\/div>\n\t\t\t\t\t<\/div>\n\t\t<\/div>\n\t\t\t\t\t<\/div>\n\t\t<\/section>\n\t\t\t\t<section class=\"elementor-section elementor-top-section elementor-element elementor-element-e8dba0d elementor-section-full_width elementor-section-height-min-height elementor-section-items-bottom elementor-section-height-default\" data-id=\"e8dba0d\" data-element_type=\"section\" data-e-type=\"section\" data-settings=\"{&quot;background_background&quot;:&quot;classic&quot;}\">\n\t\t\t\t\t\t<div class=\"elementor-container elementor-column-gap-default\">\n\t\t\t\t\t<div class=\"elementor-column elementor-col-100 elementor-top-column elementor-element elementor-element-f442f1e\" data-id=\"f442f1e\" data-element_type=\"column\" data-e-type=\"column\">\n\t\t\t<div class=\"elementor-widget-wrap\">\n\t\t\t\t\t\t\t<\/div>\n\t\t<\/div>\n\t\t\t\t\t<\/div>\n\t\t<\/section>\n\t\t\t\t<section class=\"elementor-section elementor-top-section elementor-element elementor-element-1748e47 elementor-section-boxed elementor-section-height-default elementor-section-height-default\" data-id=\"1748e47\" data-element_type=\"section\" data-e-type=\"section\">\n\t\t\t\t\t\t<div class=\"elementor-container elementor-column-gap-default\">\n\t\t\t\t\t<div class=\"elementor-column elementor-col-100 elementor-top-column elementor-element elementor-element-a3212c5\" data-id=\"a3212c5\" data-element_type=\"column\" data-e-type=\"column\">\n\t\t\t<div class=\"elementor-widget-wrap elementor-element-populated\">\n\t\t\t\t\t\t<div class=\"elementor-element elementor-element-a564e97 elementor-widget elementor-widget-spacer\" data-id=\"a564e97\" data-element_type=\"widget\" data-e-type=\"widget\" data-widget_type=\"spacer.default\">\n\t\t\t\t<div class=\"elementor-widget-container\">\n\t\t\t\t\t\t\t<div class=\"elementor-spacer\">\n\t\t\t<div class=\"elementor-spacer-inner\"><\/div>\n\t\t<\/div>\n\t\t\t\t\t\t<\/div>\n\t\t\t\t<\/div>\n\t\t\t\t<div class=\"elementor-element elementor-element-ad52ba0 elementor-widget elementor-widget-heading\" data-id=\"ad52ba0\" data-element_type=\"widget\" data-e-type=\"widget\" data-widget_type=\"heading.default\">\n\t\t\t\t<div class=\"elementor-widget-container\">\n\t\t\t\t\t<h2 class=\"elementor-heading-title elementor-size-default\">Gesammelte Zettel<\/h2>\t\t\t\t<\/div>\n\t\t\t\t<\/div>\n\t\t\t\t<div class=\"elementor-element elementor-element-191f30e elementor-widget elementor-widget-spacer\" data-id=\"191f30e\" data-element_type=\"widget\" data-e-type=\"widget\" data-widget_type=\"spacer.default\">\n\t\t\t\t<div class=\"elementor-widget-container\">\n\t\t\t\t\t\t\t<div class=\"elementor-spacer\">\n\t\t\t<div class=\"elementor-spacer-inner\"><\/div>\n\t\t<\/div>\n\t\t\t\t\t\t<\/div>\n\t\t\t\t<\/div>\n\t\t\t\t\t<\/div>\n\t\t<\/div>\n\t\t\t\t\t<\/div>\n\t\t<\/section>\n\t\t\t\t<section class=\"elementor-section elementor-top-section elementor-element elementor-element-b8f7dc4 elementor-section-boxed elementor-section-height-default elementor-section-height-default\" data-id=\"b8f7dc4\" data-element_type=\"section\" data-e-type=\"section\">\n\t\t\t\t\t\t<div class=\"elementor-container elementor-column-gap-default\">\n\t\t\t\t\t<div class=\"elementor-column elementor-col-50 elementor-top-column elementor-element elementor-element-51e3cdd\" data-id=\"51e3cdd\" data-element_type=\"column\" data-e-type=\"column\">\n\t\t\t<div class=\"elementor-widget-wrap elementor-element-populated\">\n\t\t\t\t\t\t<div class=\"elementor-element elementor-element-3bb72d0 elementor-widget elementor-widget-text-editor\" data-id=\"3bb72d0\" data-element_type=\"widget\" data-e-type=\"widget\" data-widget_type=\"text-editor.default\">\n\t\t\t\t<div class=\"elementor-widget-container\">\n\t\t\t\t\t\t\t\t\t<p><strong>Hohls Nachlass<\/strong> widerspiegelt die Existenz des schillernden Urhebers. Selbstinszenierung und Fakten verweben sich. Seine Privatbibliothek war bescheiden; er lieh B\u00fccher mehrheitlich in \u00f6ffentlichen Bibliotheken aus. <span style=\"color: var( --e-global-color-text ); font-family: var( --e-global-typography-text-font-family ), Sans-serif; font-size: 1rem;\">Vermutlich aus Not schrieb Hohl in teilweise mikrogrammartiger Schrift und in engstem Zeilenabstand kleinformatige Hefte und Zettel bis an R\u00e4nder voll.\u00a0<\/span><\/p><p>Neben den verschiedenen Materialien zu seinen Werken wie Druckvorlagen, Fahnen oder Umbr\u00fcchen finden sich auch amtliche Dokumente, Photographien, Tonbandaufnahmen, Filme, Landkarten, Gesch\u00e4ftliches, seine Tagesaufzeichnungen und Briefe im Nachlass.\u00a0<span style=\"color: var( --e-global-color-text ); font-family: var( --e-global-typography-text-font-family ), Sans-serif; font-size: 1rem;\"><br \/><\/span><\/p>\t\t\t\t\t\t\t\t<\/div>\n\t\t\t\t<\/div>\n\t\t\t\t<div class=\"elementor-element elementor-element-0e19aab elementor-hidden-phone elementor-widget elementor-widget-spacer\" data-id=\"0e19aab\" data-element_type=\"widget\" data-e-type=\"widget\" data-widget_type=\"spacer.default\">\n\t\t\t\t<div class=\"elementor-widget-container\">\n\t\t\t\t\t\t\t<div class=\"elementor-spacer\">\n\t\t\t<div class=\"elementor-spacer-inner\"><\/div>\n\t\t<\/div>\n\t\t\t\t\t\t<\/div>\n\t\t\t\t<\/div>\n\t\t\t\t\t<\/div>\n\t\t<\/div>\n\t\t\t\t<div class=\"elementor-column elementor-col-50 elementor-top-column elementor-element elementor-element-fbcf59e\" data-id=\"fbcf59e\" data-element_type=\"column\" data-e-type=\"column\">\n\t\t\t<div class=\"elementor-widget-wrap elementor-element-populated\">\n\t\t\t\t\t\t<div class=\"elementor-element elementor-element-d1c4844 elementor-widget elementor-widget-text-editor\" data-id=\"d1c4844\" data-element_type=\"widget\" data-e-type=\"widget\" data-widget_type=\"text-editor.default\">\n\t\t\t\t<div class=\"elementor-widget-container\">\n\t\t\t\t\t\t\t\t\t<p><span style=\"color: var( --e-global-color-text ); font-family: var( --e-global-typography-text-font-family ), Sans-serif; font-size: 1rem;\">Gut dokumentiert ist der juristische Prozess gegen den Artemis-Verlag, den Hohl 1951 vor Bundesgericht gewann. <\/span><span style=\"color: var( --e-global-color-text ); font-family: var( --e-global-typography-text-font-family ), Sans-serif; font-size: 1rem;\">An Ger\u00e4tschaften sind Seil und Pickel des Alpinisten, Schreibwerkzeug des Autors und eine Brustflasche mit \u00a0undefinierbaren Fl\u00fcssigkeit vorhanden.<\/span><\/p><p><strong><a style=\"font-family: var( --e-global-typography-text-font-family ), Sans-serif; font-size: 1rem;\" href=\"https:\/\/ead.nb.admin.ch\/html\/hohl.html\" target=\"_blank\" rel=\"noopener\">Das Schweizerische Literaturarchiv<\/a><\/strong><span style=\"color: var( --e-global-color-text ); font-family: var( --e-global-typography-text-font-family ), Sans-serif; font-size: 1rem;\"> fertigte eine detaillierte Bestandesaufnahme des Gesamtnachlass an. Die Archivalien werden zur Konservation in s\u00e4urefreien Umschl\u00e4gen und vor Licht gesch\u00fctzt aufbewahrt. Von allen erhaltenswerten Dokumenten wurden Mikrofilme, Fotokopien oder Digitalisate erstellt. Der Gesamtnachlass liegt strukturiert und in einem digitalen Verzeichnis erschlossen vor.<\/span><\/p>\t\t\t\t\t\t\t\t<\/div>\n\t\t\t\t<\/div>\n\t\t\t\t<div class=\"elementor-element elementor-element-53665fe elementor-hidden-phone elementor-widget elementor-widget-spacer\" data-id=\"53665fe\" data-element_type=\"widget\" data-e-type=\"widget\" data-widget_type=\"spacer.default\">\n\t\t\t\t<div class=\"elementor-widget-container\">\n\t\t\t\t\t\t\t<div class=\"elementor-spacer\">\n\t\t\t<div class=\"elementor-spacer-inner\"><\/div>\n\t\t<\/div>\n\t\t\t\t\t\t<\/div>\n\t\t\t\t<\/div>\n\t\t\t\t\t<\/div>\n\t\t<\/div>\n\t\t\t\t\t<\/div>\n\t\t<\/section>\n\t\t\t\t<\/div>\n\t\t","protected":false},"excerpt":{"rendered":"<p>Alles ist Fragment gewesen,was je geschaffen worden ist. Ludwig Hohl, Notizen II\/178, S. 126. Nachlass Schweizerisches Literaturarchiv Der Nachlass von Ludwig Hohl im Schweizerischen Literaturarchiv in Bern ist \u00f6ffentlich zug\u00e4nglich. Das reiche Schaffen des Autors kann dort in seiner materiellen Dimension erfahren werden. Die Konsultation ist allerdings nur im Lesesaal und auf Voranmeldung hin m\u00f6glich. [&hellip;]<\/p>\n","protected":false},"author":1,"featured_media":0,"parent":0,"menu_order":0,"comment_status":"closed","ping_status":"closed","template":"","meta":{"footnotes":""},"class_list":["post-73","page","type-page","status-publish","hentry"],"yoast_head":"<!-- This site is optimized with the Yoast SEO plugin v27.4 - https:\/\/yoast.com\/product\/yoast-seo-wordpress\/ -->\n<title>Nachlass - Ludwig Hohl<\/title>\n<meta name=\"description\" content=\"Die Ludwig Hohl Stiftung h\u00e4lt die Urheberrechte am gesamten Nachlass.\" \/>\n<meta name=\"robots\" content=\"index, follow, max-snippet:-1, max-image-preview:large, max-video-preview:-1\" \/>\n<link rel=\"canonical\" href=\"https:\/\/ludwighohl.ch\/cms\/nachlass\/\" \/>\n<meta property=\"og:locale\" content=\"de_DE\" \/>\n<meta property=\"og:type\" content=\"article\" \/>\n<meta property=\"og:title\" content=\"Nachlass - Ludwig Hohl\" \/>\n<meta property=\"og:description\" content=\"Die Ludwig Hohl Stiftung h\u00e4lt die Urheberrechte am gesamten Nachlass.\" \/>\n<meta property=\"og:url\" content=\"https:\/\/ludwighohl.ch\/cms\/nachlass\/\" \/>\n<meta property=\"og:site_name\" content=\"Ludwig Hohl\" \/>\n<meta property=\"article:publisher\" content=\"https:\/\/www.facebook.com\/stiftungludwighohl\/\" \/>\n<meta property=\"article:modified_time\" content=\"2025-10-29T18:12:50+00:00\" \/>\n<meta name=\"twitter:card\" content=\"summary_large_image\" \/>\n<meta name=\"twitter:site\" content=\"@HohlLudwig\" \/>\n<meta name=\"twitter:label1\" content=\"Gesch\u00e4tzte Lesezeit\" \/>\n\t<meta name=\"twitter:data1\" content=\"2\u00a0Minuten\" \/>\n<script type=\"application\/ld+json\" class=\"yoast-schema-graph\">{\"@context\":\"https:\\\/\\\/schema.org\",\"@graph\":[{\"@type\":\"WebPage\",\"@id\":\"https:\\\/\\\/ludwighohl.ch\\\/cms\\\/nachlass\\\/\",\"url\":\"https:\\\/\\\/ludwighohl.ch\\\/cms\\\/nachlass\\\/\",\"name\":\"Nachlass - Ludwig Hohl\",\"isPartOf\":{\"@id\":\"https:\\\/\\\/ludwighohl.ch\\\/cms\\\/#website\"},\"datePublished\":\"2021-03-18T13:41:58+00:00\",\"dateModified\":\"2025-10-29T18:12:50+00:00\",\"description\":\"Die Ludwig Hohl Stiftung h\u00e4lt die Urheberrechte am gesamten Nachlass.\",\"breadcrumb\":{\"@id\":\"https:\\\/\\\/ludwighohl.ch\\\/cms\\\/nachlass\\\/#breadcrumb\"},\"inLanguage\":\"de\",\"potentialAction\":[{\"@type\":\"ReadAction\",\"target\":[\"https:\\\/\\\/ludwighohl.ch\\\/cms\\\/nachlass\\\/\"]}]},{\"@type\":\"BreadcrumbList\",\"@id\":\"https:\\\/\\\/ludwighohl.ch\\\/cms\\\/nachlass\\\/#breadcrumb\",\"itemListElement\":[{\"@type\":\"ListItem\",\"position\":1,\"name\":\"coming soon\",\"item\":\"https:\\\/\\\/ludwighohl.ch\\\/cms\\\/\"},{\"@type\":\"ListItem\",\"position\":2,\"name\":\"Nachlass\"}]},{\"@type\":\"WebSite\",\"@id\":\"https:\\\/\\\/ludwighohl.ch\\\/cms\\\/#website\",\"url\":\"https:\\\/\\\/ludwighohl.ch\\\/cms\\\/\",\"name\":\"Ludwig Hohl\",\"description\":\"Stiftung\",\"publisher\":{\"@id\":\"https:\\\/\\\/ludwighohl.ch\\\/cms\\\/#organization\"},\"potentialAction\":[{\"@type\":\"SearchAction\",\"target\":{\"@type\":\"EntryPoint\",\"urlTemplate\":\"https:\\\/\\\/ludwighohl.ch\\\/cms\\\/?s={search_term_string}\"},\"query-input\":{\"@type\":\"PropertyValueSpecification\",\"valueRequired\":true,\"valueName\":\"search_term_string\"}}],\"inLanguage\":\"de\"},{\"@type\":\"Organization\",\"@id\":\"https:\\\/\\\/ludwighohl.ch\\\/cms\\\/#organization\",\"name\":\"Ludwig Hohl Stiftung\",\"url\":\"https:\\\/\\\/ludwighohl.ch\\\/cms\\\/\",\"logo\":{\"@type\":\"ImageObject\",\"inLanguage\":\"de\",\"@id\":\"https:\\\/\\\/ludwighohl.ch\\\/cms\\\/#\\\/schema\\\/logo\\\/image\\\/\",\"url\":\"https:\\\/\\\/ludwighohl.ch\\\/cms\\\/wp-content\\\/uploads\\\/2021\\\/04\\\/cropped-favicon-2.png\",\"contentUrl\":\"https:\\\/\\\/ludwighohl.ch\\\/cms\\\/wp-content\\\/uploads\\\/2021\\\/04\\\/cropped-favicon-2.png\",\"width\":512,\"height\":512,\"caption\":\"Ludwig Hohl Stiftung\"},\"image\":{\"@id\":\"https:\\\/\\\/ludwighohl.ch\\\/cms\\\/#\\\/schema\\\/logo\\\/image\\\/\"},\"sameAs\":[\"https:\\\/\\\/www.facebook.com\\\/stiftungludwighohl\\\/\",\"https:\\\/\\\/x.com\\\/HohlLudwig\"]}]}<\/script>\n<!-- \/ Yoast SEO plugin. -->","yoast_head_json":{"title":"Nachlass - Ludwig Hohl","description":"Die Ludwig Hohl Stiftung h\u00e4lt die Urheberrechte am gesamten Nachlass.","robots":{"index":"index","follow":"follow","max-snippet":"max-snippet:-1","max-image-preview":"max-image-preview:large","max-video-preview":"max-video-preview:-1"},"canonical":"https:\/\/ludwighohl.ch\/cms\/nachlass\/","og_locale":"de_DE","og_type":"article","og_title":"Nachlass - Ludwig Hohl","og_description":"Die Ludwig Hohl Stiftung h\u00e4lt die Urheberrechte am gesamten Nachlass.","og_url":"https:\/\/ludwighohl.ch\/cms\/nachlass\/","og_site_name":"Ludwig Hohl","article_publisher":"https:\/\/www.facebook.com\/stiftungludwighohl\/","article_modified_time":"2025-10-29T18:12:50+00:00","twitter_card":"summary_large_image","twitter_site":"@HohlLudwig","twitter_misc":{"Gesch\u00e4tzte Lesezeit":"2\u00a0Minuten"},"schema":{"@context":"https:\/\/schema.org","@graph":[{"@type":"WebPage","@id":"https:\/\/ludwighohl.ch\/cms\/nachlass\/","url":"https:\/\/ludwighohl.ch\/cms\/nachlass\/","name":"Nachlass - Ludwig Hohl","isPartOf":{"@id":"https:\/\/ludwighohl.ch\/cms\/#website"},"datePublished":"2021-03-18T13:41:58+00:00","dateModified":"2025-10-29T18:12:50+00:00","description":"Die Ludwig Hohl Stiftung h\u00e4lt die Urheberrechte am gesamten Nachlass.","breadcrumb":{"@id":"https:\/\/ludwighohl.ch\/cms\/nachlass\/#breadcrumb"},"inLanguage":"de","potentialAction":[{"@type":"ReadAction","target":["https:\/\/ludwighohl.ch\/cms\/nachlass\/"]}]},{"@type":"BreadcrumbList","@id":"https:\/\/ludwighohl.ch\/cms\/nachlass\/#breadcrumb","itemListElement":[{"@type":"ListItem","position":1,"name":"coming soon","item":"https:\/\/ludwighohl.ch\/cms\/"},{"@type":"ListItem","position":2,"name":"Nachlass"}]},{"@type":"WebSite","@id":"https:\/\/ludwighohl.ch\/cms\/#website","url":"https:\/\/ludwighohl.ch\/cms\/","name":"Ludwig Hohl","description":"Stiftung","publisher":{"@id":"https:\/\/ludwighohl.ch\/cms\/#organization"},"potentialAction":[{"@type":"SearchAction","target":{"@type":"EntryPoint","urlTemplate":"https:\/\/ludwighohl.ch\/cms\/?s={search_term_string}"},"query-input":{"@type":"PropertyValueSpecification","valueRequired":true,"valueName":"search_term_string"}}],"inLanguage":"de"},{"@type":"Organization","@id":"https:\/\/ludwighohl.ch\/cms\/#organization","name":"Ludwig Hohl Stiftung","url":"https:\/\/ludwighohl.ch\/cms\/","logo":{"@type":"ImageObject","inLanguage":"de","@id":"https:\/\/ludwighohl.ch\/cms\/#\/schema\/logo\/image\/","url":"https:\/\/ludwighohl.ch\/cms\/wp-content\/uploads\/2021\/04\/cropped-favicon-2.png","contentUrl":"https:\/\/ludwighohl.ch\/cms\/wp-content\/uploads\/2021\/04\/cropped-favicon-2.png","width":512,"height":512,"caption":"Ludwig Hohl Stiftung"},"image":{"@id":"https:\/\/ludwighohl.ch\/cms\/#\/schema\/logo\/image\/"},"sameAs":["https:\/\/www.facebook.com\/stiftungludwighohl\/","https:\/\/x.com\/HohlLudwig"]}]}},"_links":{"self":[{"href":"https:\/\/ludwighohl.ch\/cms\/wp-json\/wp\/v2\/pages\/73","targetHints":{"allow":["GET"]}}],"collection":[{"href":"https:\/\/ludwighohl.ch\/cms\/wp-json\/wp\/v2\/pages"}],"about":[{"href":"https:\/\/ludwighohl.ch\/cms\/wp-json\/wp\/v2\/types\/page"}],"author":[{"embeddable":true,"href":"https:\/\/ludwighohl.ch\/cms\/wp-json\/wp\/v2\/users\/1"}],"replies":[{"embeddable":true,"href":"https:\/\/ludwighohl.ch\/cms\/wp-json\/wp\/v2\/comments?post=73"}],"version-history":[{"count":316,"href":"https:\/\/ludwighohl.ch\/cms\/wp-json\/wp\/v2\/pages\/73\/revisions"}],"predecessor-version":[{"id":5054,"href":"https:\/\/ludwighohl.ch\/cms\/wp-json\/wp\/v2\/pages\/73\/revisions\/5054"}],"wp:attachment":[{"href":"https:\/\/ludwighohl.ch\/cms\/wp-json\/wp\/v2\/media?parent=73"}],"curies":[{"name":"wp","href":"https:\/\/api.w.org\/{rel}","templated":true}]}}