{"id":73,"date":"2021-03-18T14:41:58","date_gmt":"2021-03-18T13:41:58","guid":{"rendered":"https:\/\/ludwighohl.ch\/cms\/?page_id=73"},"modified":"2025-10-29T19:12:50","modified_gmt":"2025-10-29T18:12:50","slug":"nachlass","status":"publish","type":"page","link":"https:\/\/ludwighohl.ch\/cms\/fr\/nachlass\/","title":{"rendered":"Succession"},"content":{"rendered":"<div data-elementor-type=\"wp-page\" data-elementor-id=\"73\" class=\"elementor elementor-73\" data-elementor-post-type=\"page\">\n\t\t\t\t\t\t<section class=\"elementor-section elementor-top-section elementor-element elementor-element-34b37267 elementor-section-full_width elementor-section-content-middle elementor-section-height-default elementor-section-height-default\" data-id=\"34b37267\" data-element_type=\"section\" data-e-type=\"section\" data-settings=\"{&quot;background_background&quot;:&quot;classic&quot;}\">\n\t\t\t\t\t\t<div class=\"elementor-container elementor-column-gap-default\">\n\t\t\t\t\t<div class=\"elementor-column elementor-col-100 elementor-top-column elementor-element elementor-element-6b5332dd\" data-id=\"6b5332dd\" data-element_type=\"column\" data-e-type=\"column\">\n\t\t\t<div class=\"elementor-widget-wrap elementor-element-populated\">\n\t\t\t\t\t\t<div class=\"elementor-element elementor-element-39dd5a2 elementor-widget elementor-widget-spacer\" data-id=\"39dd5a2\" data-element_type=\"widget\" data-e-type=\"widget\" data-widget_type=\"spacer.default\">\n\t\t\t\t<div class=\"elementor-widget-container\">\n\t\t\t\t\t\t\t<div class=\"elementor-spacer\">\n\t\t\t<div class=\"elementor-spacer-inner\"><\/div>\n\t\t<\/div>\n\t\t\t\t\t\t<\/div>\n\t\t\t\t<\/div>\n\t\t\t\t\t<\/div>\n\t\t<\/div>\n\t\t\t\t\t<\/div>\n\t\t<\/section>\n\t\t\t\t<section class=\"elementor-section elementor-top-section elementor-element elementor-element-58ce1ba elementor-section-full_width elementor-section-height-min-height elementor-section-content-middle elementor-section-height-default elementor-section-items-middle\" data-id=\"58ce1ba\" data-element_type=\"section\" data-e-type=\"section\" data-settings=\"{&quot;background_background&quot;:&quot;classic&quot;}\">\n\t\t\t\t\t\t<div class=\"elementor-container elementor-column-gap-default\">\n\t\t\t\t\t<div class=\"elementor-column elementor-col-100 elementor-top-column elementor-element elementor-element-11c97f8\" data-id=\"11c97f8\" data-element_type=\"column\" data-e-type=\"column\">\n\t\t\t<div class=\"elementor-widget-wrap elementor-element-populated\">\n\t\t\t\t\t\t<div class=\"elementor-element elementor-element-9592171 elementor-widget elementor-widget-heading\" data-id=\"9592171\" data-element_type=\"widget\" data-e-type=\"widget\" data-widget_type=\"heading.default\">\n\t\t\t\t<div class=\"elementor-widget-container\">\n\t\t\t\t\t<h4 class=\"elementor-heading-title elementor-size-default\">Alles ist Fragment gewesen,<div>was je geschaffen worden ist.<span style=\"color: var( --e-global-color-text );font-family: var( --e-global-typography-primary-font-family ), Sans-serif\"><\/span><\/div><\/h4>\t\t\t\t<\/div>\n\t\t\t\t<\/div>\n\t\t\t\t<div class=\"elementor-element elementor-element-c382840 elementor-widget elementor-widget-text-editor\" data-id=\"c382840\" data-element_type=\"widget\" data-e-type=\"widget\" data-widget_type=\"text-editor.default\">\n\t\t\t\t<div class=\"elementor-widget-container\">\n\t\t\t\t\t\t\t\t\t<p>Ludwig Hohl, Notizen II\/178, S. <span style=\"font-weight: 400;\">126.<\/span><\/p>\t\t\t\t\t\t\t\t<\/div>\n\t\t\t\t<\/div>\n\t\t\t\t\t<\/div>\n\t\t<\/div>\n\t\t\t\t\t<\/div>\n\t\t<\/section>\n\t\t\t\t<section class=\"elementor-section elementor-top-section elementor-element elementor-element-5240569 elementor-section-boxed elementor-section-height-default elementor-section-height-default\" data-id=\"5240569\" data-element_type=\"section\" data-e-type=\"section\">\n\t\t\t\t\t\t<div class=\"elementor-container elementor-column-gap-default\">\n\t\t\t\t\t<div class=\"elementor-column elementor-col-100 elementor-top-column elementor-element elementor-element-ba288ed\" data-id=\"ba288ed\" data-element_type=\"column\" data-e-type=\"column\">\n\t\t\t<div class=\"elementor-widget-wrap elementor-element-populated\">\n\t\t\t\t\t\t<div class=\"elementor-element elementor-element-e728c26 elementor-widget elementor-widget-spacer\" data-id=\"e728c26\" data-element_type=\"widget\" data-e-type=\"widget\" data-widget_type=\"spacer.default\">\n\t\t\t\t<div class=\"elementor-widget-container\">\n\t\t\t\t\t\t\t<div class=\"elementor-spacer\">\n\t\t\t<div class=\"elementor-spacer-inner\"><\/div>\n\t\t<\/div>\n\t\t\t\t\t\t<\/div>\n\t\t\t\t<\/div>\n\t\t\t\t<div class=\"elementor-element elementor-element-76fb514 elementor-widget elementor-widget-heading\" data-id=\"76fb514\" data-element_type=\"widget\" data-e-type=\"widget\" data-widget_type=\"heading.default\">\n\t\t\t\t<div class=\"elementor-widget-container\">\n\t\t\t\t\t<h2 class=\"elementor-heading-title elementor-size-default\">Succession<\/h2>\t\t\t\t<\/div>\n\t\t\t\t<\/div>\n\t\t\t\t<div class=\"elementor-element elementor-element-ad04e93 elementor-widget elementor-widget-spacer\" data-id=\"ad04e93\" data-element_type=\"widget\" data-e-type=\"widget\" data-widget_type=\"spacer.default\">\n\t\t\t\t<div class=\"elementor-widget-container\">\n\t\t\t\t\t\t\t<div class=\"elementor-spacer\">\n\t\t\t<div class=\"elementor-spacer-inner\"><\/div>\n\t\t<\/div>\n\t\t\t\t\t\t<\/div>\n\t\t\t\t<\/div>\n\t\t\t\t<div class=\"elementor-element elementor-element-5fbb7d0 elementor-widget elementor-widget-heading\" data-id=\"5fbb7d0\" data-element_type=\"widget\" data-e-type=\"widget\" data-widget_type=\"heading.default\">\n\t\t\t\t<div class=\"elementor-widget-container\">\n\t\t\t\t\t<h2 class=\"elementor-heading-title elementor-size-default\">Archives litt\u00e9raires suisses<\/h2>\t\t\t\t<\/div>\n\t\t\t\t<\/div>\n\t\t\t\t<div class=\"elementor-element elementor-element-6d90a25 elementor-widget elementor-widget-text-editor\" data-id=\"6d90a25\" data-element_type=\"widget\" data-e-type=\"widget\" data-widget_type=\"text-editor.default\">\n\t\t\t\t<div class=\"elementor-widget-container\">\n\t\t\t\t\t\t\t\t\t<p style=\"text-align: center;\"><span lang=\"de\">Le fonds Ludwig Hohl des <a href=\"https:\/\/ead.nb.admin.ch\/html\/hohl.html\" target=\"_blank\" rel=\"noopener\">Archives litt\u00e9raires suisses<\/a> \u00e0 Berne est accessible au public. La riche production de l'auteur peut y \u00eatre exp\u00e9riment\u00e9e dans sa dimension mat\u00e9rielle. La consultation n'est toutefois possible que dans la salle de lecture et <a href=\"https:\/\/www.nb.admin.ch\/snl\/de\/home\/ueber-uns\/sla\/nachlaesse-archive.html\" target=\"_blank\" rel=\"noopener\">sur rendez-vous<\/a> .<\/span><\/p>\t\t\t\t\t\t\t\t<\/div>\n\t\t\t\t<\/div>\n\t\t\t\t<div class=\"elementor-element elementor-element-cbee7b1 elementor-view-default elementor-widget elementor-widget-icon\" data-id=\"cbee7b1\" data-element_type=\"widget\" data-e-type=\"widget\" data-widget_type=\"icon.default\">\n\t\t\t\t<div class=\"elementor-widget-container\">\n\t\t\t\t\t\t\t<div class=\"elementor-icon-wrapper\">\n\t\t\t<div class=\"elementor-icon\">\n\t\t\t<i aria-hidden=\"true\" class=\"icon icon-open-book\"><\/i>\t\t\t<\/div>\n\t\t<\/div>\n\t\t\t\t\t\t<\/div>\n\t\t\t\t<\/div>\n\t\t\t\t<div class=\"elementor-element elementor-element-3320022 elementor-widget elementor-widget-heading\" data-id=\"3320022\" data-element_type=\"widget\" data-e-type=\"widget\" data-widget_type=\"heading.default\">\n\t\t\t\t<div class=\"elementor-widget-container\">\n\t\t\t\t\t<h2 class=\"elementor-heading-title elementor-size-default\">Trois cents bo\u00eetes d'archives<\/h2>\t\t\t\t<\/div>\n\t\t\t\t<\/div>\n\t\t\t\t<div class=\"elementor-element elementor-element-a5747d4 elementor-widget elementor-widget-text-editor\" data-id=\"a5747d4\" data-element_type=\"widget\" data-e-type=\"widget\" data-widget_type=\"text-editor.default\">\n\t\t\t\t<div class=\"elementor-widget-container\">\n\t\t\t\t\t\t\t\t\t<p style=\"text-align: center;\"><span style=\"color: var( --e-global-color-text ); font-family: var( --e-global-typography-text-font-family ), Sans-serif; font-size: 1rem;\">Parmi les contenus existants, on trouve, outre quelques textes in\u00e9dits, de nombreuses premi\u00e8res versions manuscrites et dactylographi\u00e9es et des manuscrits de base d'\u0153uvres publi\u00e9es, une vaste correspondance et divers documents relatifs \u00e0 sa vie.<\/span><\/p>\t\t\t\t\t\t\t\t<\/div>\n\t\t\t\t<\/div>\n\t\t\t\t<div class=\"elementor-element elementor-element-572aa9d elementor-view-default elementor-widget elementor-widget-icon\" data-id=\"572aa9d\" data-element_type=\"widget\" data-e-type=\"widget\" data-widget_type=\"icon.default\">\n\t\t\t\t<div class=\"elementor-widget-container\">\n\t\t\t\t\t\t\t<div class=\"elementor-icon-wrapper\">\n\t\t\t<div class=\"elementor-icon\">\n\t\t\t<i aria-hidden=\"true\" class=\"far fa-newspaper\"><\/i>\t\t\t<\/div>\n\t\t<\/div>\n\t\t\t\t\t\t<\/div>\n\t\t\t\t<\/div>\n\t\t\t\t<div class=\"elementor-element elementor-element-485af3e elementor-widget elementor-widget-heading\" data-id=\"485af3e\" data-element_type=\"widget\" data-e-type=\"widget\" data-widget_type=\"heading.default\">\n\t\t\t\t<div class=\"elementor-widget-container\">\n\t\t\t\t\t<h2 class=\"elementor-heading-title elementor-size-default\">Mat\u00e9riel sonore et visuel <br>Articles de journaux et de revues<\/h2>\t\t\t\t<\/div>\n\t\t\t\t<\/div>\n\t\t\t\t<div class=\"elementor-element elementor-element-0d2afae elementor-widget elementor-widget-text-editor\" data-id=\"0d2afae\" data-element_type=\"widget\" data-e-type=\"widget\" data-widget_type=\"text-editor.default\">\n\t\t\t\t<div class=\"elementor-widget-container\">\n\t\t\t\t\t\t\t\t\t<p style=\"text-align: center;\"><span style=\"color: var( --e-global-color-text ); font-family: var( --e-global-typography-text-font-family ), Sans-serif; font-size: 1rem;\">Il convient de mentionner tout particuli\u00e8rement une collection (presque compl\u00e8te) d\u2019articles de journaux et de revues rassembl\u00e9s par Hohl entre 1960 et 1980.\u00a0<br \/><br \/>Les photos et les enregistrements sonores peuvent \u00eatre consult\u00e9s dans la salle de lecture des Archives litt\u00e9raires suisses.<br \/><\/span><\/p>\t\t\t\t\t\t\t\t<\/div>\n\t\t\t\t<\/div>\n\t\t\t\t<div class=\"elementor-element elementor-element-b77a0ad elementor-widget elementor-widget-spacer\" data-id=\"b77a0ad\" data-element_type=\"widget\" data-e-type=\"widget\" data-widget_type=\"spacer.default\">\n\t\t\t\t<div class=\"elementor-widget-container\">\n\t\t\t\t\t\t\t<div class=\"elementor-spacer\">\n\t\t\t<div class=\"elementor-spacer-inner\"><\/div>\n\t\t<\/div>\n\t\t\t\t\t\t<\/div>\n\t\t\t\t<\/div>\n\t\t\t\t\t<\/div>\n\t\t<\/div>\n\t\t\t\t\t<\/div>\n\t\t<\/section>\n\t\t\t\t<section class=\"elementor-section elementor-top-section elementor-element elementor-element-e8dba0d elementor-section-full_width elementor-section-height-min-height elementor-section-items-bottom elementor-section-height-default\" data-id=\"e8dba0d\" data-element_type=\"section\" data-e-type=\"section\" data-settings=\"{&quot;background_background&quot;:&quot;classic&quot;}\">\n\t\t\t\t\t\t<div class=\"elementor-container elementor-column-gap-default\">\n\t\t\t\t\t<div class=\"elementor-column elementor-col-100 elementor-top-column elementor-element elementor-element-f442f1e\" data-id=\"f442f1e\" data-element_type=\"column\" data-e-type=\"column\">\n\t\t\t<div class=\"elementor-widget-wrap\">\n\t\t\t\t\t\t\t<\/div>\n\t\t<\/div>\n\t\t\t\t\t<\/div>\n\t\t<\/section>\n\t\t\t\t<section class=\"elementor-section elementor-top-section elementor-element elementor-element-1748e47 elementor-section-boxed elementor-section-height-default elementor-section-height-default\" data-id=\"1748e47\" data-element_type=\"section\" data-e-type=\"section\">\n\t\t\t\t\t\t<div class=\"elementor-container elementor-column-gap-default\">\n\t\t\t\t\t<div class=\"elementor-column elementor-col-100 elementor-top-column elementor-element elementor-element-a3212c5\" data-id=\"a3212c5\" data-element_type=\"column\" data-e-type=\"column\">\n\t\t\t<div class=\"elementor-widget-wrap elementor-element-populated\">\n\t\t\t\t\t\t<div class=\"elementor-element elementor-element-a564e97 elementor-widget elementor-widget-spacer\" data-id=\"a564e97\" data-element_type=\"widget\" data-e-type=\"widget\" data-widget_type=\"spacer.default\">\n\t\t\t\t<div class=\"elementor-widget-container\">\n\t\t\t\t\t\t\t<div class=\"elementor-spacer\">\n\t\t\t<div class=\"elementor-spacer-inner\"><\/div>\n\t\t<\/div>\n\t\t\t\t\t\t<\/div>\n\t\t\t\t<\/div>\n\t\t\t\t<div class=\"elementor-element elementor-element-ad52ba0 elementor-widget elementor-widget-heading\" data-id=\"ad52ba0\" data-element_type=\"widget\" data-e-type=\"widget\" data-widget_type=\"heading.default\">\n\t\t\t\t<div class=\"elementor-widget-container\">\n\t\t\t\t\t<h2 class=\"elementor-heading-title elementor-size-default\">Fiches collect\u00e9es<\/h2>\t\t\t\t<\/div>\n\t\t\t\t<\/div>\n\t\t\t\t<div class=\"elementor-element elementor-element-191f30e elementor-widget elementor-widget-spacer\" data-id=\"191f30e\" data-element_type=\"widget\" data-e-type=\"widget\" data-widget_type=\"spacer.default\">\n\t\t\t\t<div class=\"elementor-widget-container\">\n\t\t\t\t\t\t\t<div class=\"elementor-spacer\">\n\t\t\t<div class=\"elementor-spacer-inner\"><\/div>\n\t\t<\/div>\n\t\t\t\t\t\t<\/div>\n\t\t\t\t<\/div>\n\t\t\t\t\t<\/div>\n\t\t<\/div>\n\t\t\t\t\t<\/div>\n\t\t<\/section>\n\t\t\t\t<section class=\"elementor-section elementor-top-section elementor-element elementor-element-b8f7dc4 elementor-section-boxed elementor-section-height-default elementor-section-height-default\" data-id=\"b8f7dc4\" data-element_type=\"section\" data-e-type=\"section\">\n\t\t\t\t\t\t<div class=\"elementor-container elementor-column-gap-default\">\n\t\t\t\t\t<div class=\"elementor-column elementor-col-50 elementor-top-column elementor-element elementor-element-51e3cdd\" data-id=\"51e3cdd\" data-element_type=\"column\" data-e-type=\"column\">\n\t\t\t<div class=\"elementor-widget-wrap elementor-element-populated\">\n\t\t\t\t\t\t<div class=\"elementor-element elementor-element-3bb72d0 elementor-widget elementor-widget-text-editor\" data-id=\"3bb72d0\" data-element_type=\"widget\" data-e-type=\"widget\" data-widget_type=\"text-editor.default\">\n\t\t\t\t<div class=\"elementor-widget-container\">\n\t\t\t\t\t\t\t\t\t<p><strong>L'h\u00e9ritage et la post\u00e9rit\u00e9 de Hohl<\/strong> refl\u00e8tent l'existence d'un auteur haut en couleur. La mise en sc\u00e8ne de soi et les faits s'entrem\u00ealent. Sa biblioth\u00e8que priv\u00e9e \u00e9tait modeste ; il empruntait la plupart de ses livres dans les biblioth\u00e8ques publiques. <span style=\"color: var( --e-global-color-text ); font-family: var( --e-global-typography-text-font-family ), Sans-serif; font-size: 1rem;\">C'est probablement par n\u00e9cessit\u00e9 que Hohl \u00e9crivait d'une \u00e9criture parfois micrographique et avec un interligne tr\u00e8s serr\u00e9 sur des cahiers et des fiches de petit format, jusqu'\u00e0 en remplir les marges.\u00a0<\/span><\/p><p>Outre des manuscrits originaux, tapuscrits et bons \u00e0 tirer, on trouve \u00e9galement dans sa succession des documents officiels, des photographies, des enregistrements sur bande magn\u00e9tique, des films, des cartes g\u00e9ographiques, des affaires, ses notes quotidiennes et des lettres.\u00a0<span style=\"color: var( --e-global-color-text ); font-family: var( --e-global-typography-text-font-family ), Sans-serif; font-size: 1rem;\"><br \/><\/span><\/p>\t\t\t\t\t\t\t\t<\/div>\n\t\t\t\t<\/div>\n\t\t\t\t<div class=\"elementor-element elementor-element-0e19aab elementor-hidden-phone elementor-widget elementor-widget-spacer\" data-id=\"0e19aab\" data-element_type=\"widget\" data-e-type=\"widget\" data-widget_type=\"spacer.default\">\n\t\t\t\t<div class=\"elementor-widget-container\">\n\t\t\t\t\t\t\t<div class=\"elementor-spacer\">\n\t\t\t<div class=\"elementor-spacer-inner\"><\/div>\n\t\t<\/div>\n\t\t\t\t\t\t<\/div>\n\t\t\t\t<\/div>\n\t\t\t\t\t<\/div>\n\t\t<\/div>\n\t\t\t\t<div class=\"elementor-column elementor-col-50 elementor-top-column elementor-element elementor-element-fbcf59e\" data-id=\"fbcf59e\" data-element_type=\"column\" data-e-type=\"column\">\n\t\t\t<div class=\"elementor-widget-wrap elementor-element-populated\">\n\t\t\t\t\t\t<div class=\"elementor-element elementor-element-d1c4844 elementor-widget elementor-widget-text-editor\" data-id=\"d1c4844\" data-element_type=\"widget\" data-e-type=\"widget\" data-widget_type=\"text-editor.default\">\n\t\t\t\t<div class=\"elementor-widget-container\">\n\t\t\t\t\t\t\t\t\t<p><span style=\"color: var( --e-global-color-text ); font-family: var( --e-global-typography-text-font-family ), Sans-serif; font-size: 1rem;\">Le proc\u00e8s juridique contre la maison d'\u00e9dition Artemis, que Hohl a gagn\u00e9 devant le Tribunal f\u00e9d\u00e9ral en 1951, est bien document\u00e9. <\/span><span style=\"color: var( --e-global-color-text ); font-family: var( --e-global-typography-text-font-family ), Sans-serif; font-size: 1rem;\">Parmi les ustensiles, on trouve la corde et le piolet de l'alpiniste, les outils d'\u00e9criture de l'auteur.<\/span><\/p><p><strong><a style=\"font-family: var( --e-global-typography-text-font-family ), Sans-serif; font-size: 1rem;\" href=\"https:\/\/ead.nb.admin.ch\/html\/hohl.html\" target=\"_blank\" rel=\"noopener\">Les Archives litt\u00e9raires suisses<\/a><\/strong><span style=\"color: var( --e-global-color-text ); font-family: var( --e-global-typography-text-font-family ), Sans-serif; font-size: 1rem;\"> ont dress\u00e9 un inventaire d\u00e9taill\u00e9 de l'ensemble du fonds. Les documents d'archives sont conserv\u00e9s dans des enveloppes non acides et \u00e0 l'abri de la lumi\u00e8re. Des microfilms, des photocopies ou des num\u00e9risations ont \u00e9t\u00e9 r\u00e9alis\u00e9s pour tous les documents dignes d'\u00eatre conserv\u00e9s. L'ensemble du fonds est structur\u00e9 et r\u00e9pertori\u00e9 dans un r\u00e9pertoire num\u00e9rique.<\/span><\/p>\t\t\t\t\t\t\t\t<\/div>\n\t\t\t\t<\/div>\n\t\t\t\t<div class=\"elementor-element elementor-element-53665fe elementor-hidden-phone elementor-widget elementor-widget-spacer\" data-id=\"53665fe\" data-element_type=\"widget\" data-e-type=\"widget\" data-widget_type=\"spacer.default\">\n\t\t\t\t<div class=\"elementor-widget-container\">\n\t\t\t\t\t\t\t<div class=\"elementor-spacer\">\n\t\t\t<div class=\"elementor-spacer-inner\"><\/div>\n\t\t<\/div>\n\t\t\t\t\t\t<\/div>\n\t\t\t\t<\/div>\n\t\t\t\t\t<\/div>\n\t\t<\/div>\n\t\t\t\t\t<\/div>\n\t\t<\/section>\n\t\t\t\t<\/div>","protected":false},"excerpt":{"rendered":"<p>Alles ist Fragment gewesen,was je geschaffen worden ist. Ludwig Hohl, Notizen II\/178, S. 126. Nachlass Schweizerisches Literaturarchiv Der Nachlass von Ludwig Hohl im Schweizerischen Literaturarchiv in Bern ist \u00f6ffentlich zug\u00e4nglich. Das reiche Schaffen des Autors kann dort in seiner materiellen Dimension erfahren werden. Die Konsultation ist allerdings nur im Lesesaal und auf Voranmeldung hin m\u00f6glich. [&hellip;]<\/p>\n","protected":false},"author":1,"featured_media":0,"parent":0,"menu_order":0,"comment_status":"closed","ping_status":"closed","template":"","meta":{"footnotes":""},"class_list":["post-73","page","type-page","status-publish","hentry"],"yoast_head":"<!-- This site is optimized with the Yoast SEO plugin v27.4 - https:\/\/yoast.com\/product\/yoast-seo-wordpress\/ -->\n<title>Nachlass - Ludwig Hohl<\/title>\n<meta name=\"description\" content=\"Die Ludwig Hohl Stiftung h\u00e4lt die Urheberrechte am gesamten Nachlass.\" \/>\n<meta name=\"robots\" content=\"index, follow, max-snippet:-1, max-image-preview:large, max-video-preview:-1\" \/>\n<link rel=\"canonical\" href=\"https:\/\/ludwighohl.ch\/cms\/fr\/nachlass\/\" \/>\n<meta property=\"og:locale\" content=\"fr_FR\" \/>\n<meta property=\"og:type\" content=\"article\" \/>\n<meta property=\"og:title\" content=\"Nachlass - Ludwig Hohl\" \/>\n<meta property=\"og:description\" content=\"Die Ludwig Hohl Stiftung h\u00e4lt die Urheberrechte am gesamten Nachlass.\" \/>\n<meta property=\"og:url\" content=\"https:\/\/ludwighohl.ch\/cms\/fr\/nachlass\/\" \/>\n<meta property=\"og:site_name\" content=\"Ludwig Hohl\" \/>\n<meta property=\"article:publisher\" content=\"https:\/\/www.facebook.com\/stiftungludwighohl\/\" \/>\n<meta property=\"article:modified_time\" content=\"2025-10-29T18:12:50+00:00\" \/>\n<meta name=\"twitter:card\" content=\"summary_large_image\" \/>\n<meta name=\"twitter:site\" content=\"@HohlLudwig\" \/>\n<meta name=\"twitter:label1\" content=\"Dur\u00e9e de lecture estim\u00e9e\" \/>\n\t<meta name=\"twitter:data1\" content=\"2 minutes\" \/>\n<script type=\"application\/ld+json\" class=\"yoast-schema-graph\">{\"@context\":\"https:\\\/\\\/schema.org\",\"@graph\":[{\"@type\":\"WebPage\",\"@id\":\"https:\\\/\\\/ludwighohl.ch\\\/cms\\\/nachlass\\\/\",\"url\":\"https:\\\/\\\/ludwighohl.ch\\\/cms\\\/nachlass\\\/\",\"name\":\"Nachlass - Ludwig Hohl\",\"isPartOf\":{\"@id\":\"https:\\\/\\\/ludwighohl.ch\\\/cms\\\/#website\"},\"datePublished\":\"2021-03-18T13:41:58+00:00\",\"dateModified\":\"2025-10-29T18:12:50+00:00\",\"description\":\"Die Ludwig Hohl Stiftung h\u00e4lt die Urheberrechte am gesamten Nachlass.\",\"breadcrumb\":{\"@id\":\"https:\\\/\\\/ludwighohl.ch\\\/cms\\\/nachlass\\\/#breadcrumb\"},\"inLanguage\":\"fr-FR\",\"potentialAction\":[{\"@type\":\"ReadAction\",\"target\":[\"https:\\\/\\\/ludwighohl.ch\\\/cms\\\/nachlass\\\/\"]}]},{\"@type\":\"BreadcrumbList\",\"@id\":\"https:\\\/\\\/ludwighohl.ch\\\/cms\\\/nachlass\\\/#breadcrumb\",\"itemListElement\":[{\"@type\":\"ListItem\",\"position\":1,\"name\":\"coming soon\",\"item\":\"https:\\\/\\\/ludwighohl.ch\\\/cms\\\/\"},{\"@type\":\"ListItem\",\"position\":2,\"name\":\"Nachlass\"}]},{\"@type\":\"WebSite\",\"@id\":\"https:\\\/\\\/ludwighohl.ch\\\/cms\\\/#website\",\"url\":\"https:\\\/\\\/ludwighohl.ch\\\/cms\\\/\",\"name\":\"Ludwig Hohl\",\"description\":\"Stiftung\",\"publisher\":{\"@id\":\"https:\\\/\\\/ludwighohl.ch\\\/cms\\\/#organization\"},\"potentialAction\":[{\"@type\":\"SearchAction\",\"target\":{\"@type\":\"EntryPoint\",\"urlTemplate\":\"https:\\\/\\\/ludwighohl.ch\\\/cms\\\/?s={search_term_string}\"},\"query-input\":{\"@type\":\"PropertyValueSpecification\",\"valueRequired\":true,\"valueName\":\"search_term_string\"}}],\"inLanguage\":\"fr-FR\"},{\"@type\":\"Organization\",\"@id\":\"https:\\\/\\\/ludwighohl.ch\\\/cms\\\/#organization\",\"name\":\"Ludwig Hohl Stiftung\",\"url\":\"https:\\\/\\\/ludwighohl.ch\\\/cms\\\/\",\"logo\":{\"@type\":\"ImageObject\",\"inLanguage\":\"fr-FR\",\"@id\":\"https:\\\/\\\/ludwighohl.ch\\\/cms\\\/#\\\/schema\\\/logo\\\/image\\\/\",\"url\":\"https:\\\/\\\/ludwighohl.ch\\\/cms\\\/wp-content\\\/uploads\\\/2021\\\/04\\\/cropped-favicon-2.png\",\"contentUrl\":\"https:\\\/\\\/ludwighohl.ch\\\/cms\\\/wp-content\\\/uploads\\\/2021\\\/04\\\/cropped-favicon-2.png\",\"width\":512,\"height\":512,\"caption\":\"Ludwig Hohl Stiftung\"},\"image\":{\"@id\":\"https:\\\/\\\/ludwighohl.ch\\\/cms\\\/#\\\/schema\\\/logo\\\/image\\\/\"},\"sameAs\":[\"https:\\\/\\\/www.facebook.com\\\/stiftungludwighohl\\\/\",\"https:\\\/\\\/x.com\\\/HohlLudwig\"]}]}<\/script>\n<!-- \/ Yoast SEO plugin. -->","yoast_head_json":{"title":"Nachlass - Ludwig Hohl","description":"Die Ludwig Hohl Stiftung h\u00e4lt die Urheberrechte am gesamten Nachlass.","robots":{"index":"index","follow":"follow","max-snippet":"max-snippet:-1","max-image-preview":"max-image-preview:large","max-video-preview":"max-video-preview:-1"},"canonical":"https:\/\/ludwighohl.ch\/cms\/fr\/nachlass\/","og_locale":"fr_FR","og_type":"article","og_title":"Nachlass - Ludwig Hohl","og_description":"Die Ludwig Hohl Stiftung h\u00e4lt die Urheberrechte am gesamten Nachlass.","og_url":"https:\/\/ludwighohl.ch\/cms\/fr\/nachlass\/","og_site_name":"Ludwig Hohl","article_publisher":"https:\/\/www.facebook.com\/stiftungludwighohl\/","article_modified_time":"2025-10-29T18:12:50+00:00","twitter_card":"summary_large_image","twitter_site":"@HohlLudwig","twitter_misc":{"Dur\u00e9e de lecture estim\u00e9e":"2 minutes"},"schema":{"@context":"https:\/\/schema.org","@graph":[{"@type":"WebPage","@id":"https:\/\/ludwighohl.ch\/cms\/nachlass\/","url":"https:\/\/ludwighohl.ch\/cms\/nachlass\/","name":"Nachlass - Ludwig Hohl","isPartOf":{"@id":"https:\/\/ludwighohl.ch\/cms\/#website"},"datePublished":"2021-03-18T13:41:58+00:00","dateModified":"2025-10-29T18:12:50+00:00","description":"Die Ludwig Hohl Stiftung h\u00e4lt die Urheberrechte am gesamten Nachlass.","breadcrumb":{"@id":"https:\/\/ludwighohl.ch\/cms\/nachlass\/#breadcrumb"},"inLanguage":"fr-FR","potentialAction":[{"@type":"ReadAction","target":["https:\/\/ludwighohl.ch\/cms\/nachlass\/"]}]},{"@type":"BreadcrumbList","@id":"https:\/\/ludwighohl.ch\/cms\/nachlass\/#breadcrumb","itemListElement":[{"@type":"ListItem","position":1,"name":"coming soon","item":"https:\/\/ludwighohl.ch\/cms\/"},{"@type":"ListItem","position":2,"name":"Nachlass"}]},{"@type":"WebSite","@id":"https:\/\/ludwighohl.ch\/cms\/#website","url":"https:\/\/ludwighohl.ch\/cms\/","name":"Ludwig Hohl","description":"Fondation","publisher":{"@id":"https:\/\/ludwighohl.ch\/cms\/#organization"},"potentialAction":[{"@type":"SearchAction","target":{"@type":"EntryPoint","urlTemplate":"https:\/\/ludwighohl.ch\/cms\/?s={search_term_string}"},"query-input":{"@type":"PropertyValueSpecification","valueRequired":true,"valueName":"search_term_string"}}],"inLanguage":"fr-FR"},{"@type":"Organization","@id":"https:\/\/ludwighohl.ch\/cms\/#organization","name":"Fondation Ludwig Hohl","url":"https:\/\/ludwighohl.ch\/cms\/","logo":{"@type":"ImageObject","inLanguage":"fr-FR","@id":"https:\/\/ludwighohl.ch\/cms\/#\/schema\/logo\/image\/","url":"https:\/\/ludwighohl.ch\/cms\/wp-content\/uploads\/2021\/04\/cropped-favicon-2.png","contentUrl":"https:\/\/ludwighohl.ch\/cms\/wp-content\/uploads\/2021\/04\/cropped-favicon-2.png","width":512,"height":512,"caption":"Ludwig Hohl Stiftung"},"image":{"@id":"https:\/\/ludwighohl.ch\/cms\/#\/schema\/logo\/image\/"},"sameAs":["https:\/\/www.facebook.com\/stiftungludwighohl\/","https:\/\/x.com\/HohlLudwig"]}]}},"_links":{"self":[{"href":"https:\/\/ludwighohl.ch\/cms\/fr\/wp-json\/wp\/v2\/pages\/73","targetHints":{"allow":["GET"]}}],"collection":[{"href":"https:\/\/ludwighohl.ch\/cms\/fr\/wp-json\/wp\/v2\/pages"}],"about":[{"href":"https:\/\/ludwighohl.ch\/cms\/fr\/wp-json\/wp\/v2\/types\/page"}],"author":[{"embeddable":true,"href":"https:\/\/ludwighohl.ch\/cms\/fr\/wp-json\/wp\/v2\/users\/1"}],"replies":[{"embeddable":true,"href":"https:\/\/ludwighohl.ch\/cms\/fr\/wp-json\/wp\/v2\/comments?post=73"}],"version-history":[{"count":316,"href":"https:\/\/ludwighohl.ch\/cms\/fr\/wp-json\/wp\/v2\/pages\/73\/revisions"}],"predecessor-version":[{"id":5054,"href":"https:\/\/ludwighohl.ch\/cms\/fr\/wp-json\/wp\/v2\/pages\/73\/revisions\/5054"}],"wp:attachment":[{"href":"https:\/\/ludwighohl.ch\/cms\/fr\/wp-json\/wp\/v2\/media?parent=73"}],"curies":[{"name":"wp","href":"https:\/\/api.w.org\/{rel}","templated":true}]}}