{"id":3393,"date":"2021-06-12T14:21:51","date_gmt":"2021-06-12T12:21:51","guid":{"rendered":"https:\/\/ludwighohl.ch\/cms\/?page_id=3393"},"modified":"2022-05-04T11:59:37","modified_gmt":"2022-05-04T09:59:37","slug":"impressum-neu","status":"publish","type":"page","link":"https:\/\/ludwighohl.ch\/cms\/fr\/impressum-neu\/","title":{"rendered":"Impressum neu"},"content":{"rendered":"<div data-elementor-type=\"wp-page\" data-elementor-id=\"3393\" class=\"elementor elementor-3393\" data-elementor-post-type=\"page\">\n\t\t\t\t\t\t<section class=\"elementor-section elementor-top-section elementor-element elementor-element-492afdd7 elementor-section-boxed elementor-section-height-default elementor-section-height-default\" data-id=\"492afdd7\" data-element_type=\"section\" data-e-type=\"section\">\n\t\t\t\t\t\t<div class=\"elementor-container elementor-column-gap-default\">\n\t\t\t\t\t<div class=\"elementor-column elementor-col-100 elementor-top-column elementor-element elementor-element-2111f5d5\" data-id=\"2111f5d5\" data-element_type=\"column\" data-e-type=\"column\">\n\t\t\t<div class=\"elementor-widget-wrap elementor-element-populated\">\n\t\t\t\t\t\t<div class=\"elementor-element elementor-element-387d63fe elementor-widget elementor-widget-text-editor\" data-id=\"387d63fe\" data-element_type=\"widget\" data-e-type=\"widget\" data-widget_type=\"text-editor.default\">\n\t\t\t\t<div class=\"elementor-widget-container\">\n\t\t\t\t\t\t\t\t\t<h1>Impressum<\/h1>\n<p><b>Contact<br><\/b>Fondation Ludwig Hohl<br>c\/o Prof. Dr. Thomas Fries<br>Plattenstrasse 43,&nbsp;CH\u20138032 Z\u00fcrich<br>stiftung@ludwighohl.ch<\/p>\n<p><b>Vertretungsberechtigte Personen<\/b><br>Marcus Andreas Sartorius<br>Prof. Dr. Thomas Fries<\/p>\n<p><b>Handelsregister-Eintrag<\/b><br>Eingetragener Firmenname: Ludwig Hohl Stiftung<br>Handelsregister Nr: CHE-102.031.414<\/p>\n<p><strong>Website<\/strong><br>Bettina Mosca: Inhalt, Redaktion, Korrektur<br>Sascha Deboni: Inhalt, Redaktion, Bilder<br><span style=\"color: var( --e-global-color-text ); font-family: var( --e-global-typography-text-font-family ), Sans-serif; font-size: 1rem;\">Claudia Wehrli: Text, Konzept, Design<\/span><br><\/p>\n<p><\/p>\n<h1>Datenschutz<\/h1>\n<p><strong>Datenspeicherung<\/strong><br>Die Website sammelt standardm\u00e4ssig technische Daten als Cookies. Dar\u00fcber hinaus werden aber keine pers\u00f6nlichen Daten gesammelt.<\/p>\n<p><b>Haftungsausschluss<\/b><br>Der Autor \u00fcbernimmt keinerlei Gew\u00e4hr hinsichtlich der inhaltlichen Richtigkeit, Genauigkeit, Aktualit\u00e4t, Zuverl\u00e4ssigkeit und Vollst\u00e4ndigkeit der Informationen.<\/p>\n<p>Haftungsanspr\u00fcche gegen den Autor wegen Sch\u00e4den materieller oder immaterieller Art, welche aus dem Zugriff oder der Nutzung bzw. Nichtnutzung der ver\u00f6ffentlichten Informationen, durch Missbrauch der Verbindung oder durch technische St\u00f6rungen entstanden sind, werden ausgeschlossen.<\/p>\n<p>Alle Angebote sind unverbindlich. Der Autor beh\u00e4lt es sich ausdr\u00fccklich vor, Teile der Seiten oder das gesamte Angebot ohne besondere Ank\u00fcndigung zu ver\u00e4ndern, zu erg\u00e4nzen, zu l\u00f6schen oder die Ver\u00f6ffentlichung zeitweise oder endg\u00fcltig einzustellen.<\/p>\n<p><b>Haftungsausschluss f\u00fcr Links<\/b><br>Verweise und Links auf Webseiten Dritter liegen ausserhalb unseres Verantwortungsbereichs. Es wird jegliche Verantwortung f\u00fcr solche Webseiten abgelehnt. Der Zugriff und die Nutzung solcher Webseiten erfolgen auf eigene Gefahr des jeweiligen Nutzers.<\/p>\n<p><b>les droits d'auteur<\/b><br>Die Urheber- und alle anderen Rechte an Inhalten, Bildern, Fotos oder anderen Dateien auf dieser Website, wurden von der der juristischen Person Ludwig Hohl Stiftung angefragt. F\u00fcr die Reproduktion jeglicher Elemente ist die schriftliche Zustimmung des Urheberrechtstr\u00e4gers im Voraus einzuholen.<\/p>\t\t\t\t\t\t\t\t<\/div>\n\t\t\t\t<\/div>\n\t\t\t\t<div class=\"elementor-element elementor-element-390d2ba elementor-widget elementor-widget-spacer\" data-id=\"390d2ba\" data-element_type=\"widget\" data-e-type=\"widget\" data-widget_type=\"spacer.default\">\n\t\t\t\t<div class=\"elementor-widget-container\">\n\t\t\t\t\t\t\t<div class=\"elementor-spacer\">\n\t\t\t<div class=\"elementor-spacer-inner\"><\/div>\n\t\t<\/div>\n\t\t\t\t\t\t<\/div>\n\t\t\t\t<\/div>\n\t\t\t\t\t<\/div>\n\t\t<\/div>\n\t\t\t\t\t<\/div>\n\t\t<\/section>\n\t\t\t\t<\/div>","protected":false},"excerpt":{"rendered":"<p>Impressum KontaktLudwig Hohl Stiftungc\/o Prof. Dr. Thomas FriesPlattenstrasse 43,&nbsp;CH\u20138032 Z\u00fcrichstiftung@ludwighohl.ch Vertretungsberechtigte PersonenMarcus Andreas SartoriusProf. Dr. Thomas Fries Handelsregister-EintragEingetragener Firmenname: Ludwig Hohl StiftungHandelsregister Nr: CHE-102.031.414 WebsiteBettina Mosca: Inhalt, Redaktion, KorrekturSascha Deboni: Inhalt, Redaktion, BilderClaudia Wehrli: Text, Konzept, Design Datenschutz DatenspeicherungDie Website sammelt standardm\u00e4ssig technische Daten als Cookies. Dar\u00fcber hinaus werden aber keine pers\u00f6nlichen Daten gesammelt. HaftungsausschlussDer [&hellip;]<\/p>\n","protected":false},"author":2,"featured_media":0,"parent":0,"menu_order":0,"comment_status":"closed","ping_status":"closed","template":"elementor_header_footer","meta":{"footnotes":""},"class_list":["post-3393","page","type-page","status-publish","hentry"],"yoast_head":"<!-- This site is optimized with the Yoast SEO plugin v27.4 - https:\/\/yoast.com\/product\/yoast-seo-wordpress\/ -->\n<title>Impressum neu - Ludwig Hohl<\/title>\n<meta name=\"robots\" content=\"index, follow, max-snippet:-1, max-image-preview:large, max-video-preview:-1\" \/>\n<link rel=\"canonical\" href=\"https:\/\/ludwighohl.ch\/cms\/fr\/impressum-neu\/\" \/>\n<meta property=\"og:locale\" content=\"fr_FR\" \/>\n<meta property=\"og:type\" content=\"article\" \/>\n<meta property=\"og:title\" content=\"Impressum neu - Ludwig Hohl\" \/>\n<meta property=\"og:description\" content=\"Impressum KontaktLudwig Hohl Stiftungc\/o Prof. Dr. Thomas FriesPlattenstrasse 43,&nbsp;CH\u20138032 Z\u00fcrichstiftung@ludwighohl.ch Vertretungsberechtigte PersonenMarcus Andreas SartoriusProf. Dr. Thomas Fries Handelsregister-EintragEingetragener Firmenname: Ludwig Hohl StiftungHandelsregister Nr: CHE-102.031.414 WebsiteBettina Mosca: Inhalt, Redaktion, KorrekturSascha Deboni: Inhalt, Redaktion, BilderClaudia Wehrli: Text, Konzept, Design Datenschutz DatenspeicherungDie Website sammelt standardm\u00e4ssig technische Daten als Cookies. Dar\u00fcber hinaus werden aber keine pers\u00f6nlichen Daten gesammelt. HaftungsausschlussDer [&hellip;]\" \/>\n<meta property=\"og:url\" content=\"https:\/\/ludwighohl.ch\/cms\/fr\/impressum-neu\/\" \/>\n<meta property=\"og:site_name\" content=\"Ludwig Hohl\" \/>\n<meta property=\"article:publisher\" content=\"https:\/\/www.facebook.com\/stiftungludwighohl\/\" \/>\n<meta property=\"article:modified_time\" content=\"2022-05-04T09:59:37+00:00\" \/>\n<meta name=\"twitter:card\" content=\"summary_large_image\" \/>\n<meta name=\"twitter:site\" content=\"@HohlLudwig\" \/>\n<meta name=\"twitter:label1\" content=\"Dur\u00e9e de lecture estim\u00e9e\" \/>\n\t<meta name=\"twitter:data1\" content=\"2 minutes\" \/>\n<script type=\"application\/ld+json\" class=\"yoast-schema-graph\">{\"@context\":\"https:\\\/\\\/schema.org\",\"@graph\":[{\"@type\":\"WebPage\",\"@id\":\"https:\\\/\\\/ludwighohl.ch\\\/cms\\\/impressum-neu\\\/\",\"url\":\"https:\\\/\\\/ludwighohl.ch\\\/cms\\\/impressum-neu\\\/\",\"name\":\"Impressum neu - Ludwig Hohl\",\"isPartOf\":{\"@id\":\"https:\\\/\\\/ludwighohl.ch\\\/cms\\\/#website\"},\"datePublished\":\"2021-06-12T12:21:51+00:00\",\"dateModified\":\"2022-05-04T09:59:37+00:00\",\"breadcrumb\":{\"@id\":\"https:\\\/\\\/ludwighohl.ch\\\/cms\\\/impressum-neu\\\/#breadcrumb\"},\"inLanguage\":\"fr-FR\",\"potentialAction\":[{\"@type\":\"ReadAction\",\"target\":[\"https:\\\/\\\/ludwighohl.ch\\\/cms\\\/impressum-neu\\\/\"]}]},{\"@type\":\"BreadcrumbList\",\"@id\":\"https:\\\/\\\/ludwighohl.ch\\\/cms\\\/impressum-neu\\\/#breadcrumb\",\"itemListElement\":[{\"@type\":\"ListItem\",\"position\":1,\"name\":\"coming soon\",\"item\":\"https:\\\/\\\/ludwighohl.ch\\\/cms\\\/\"},{\"@type\":\"ListItem\",\"position\":2,\"name\":\"Impressum neu\"}]},{\"@type\":\"WebSite\",\"@id\":\"https:\\\/\\\/ludwighohl.ch\\\/cms\\\/#website\",\"url\":\"https:\\\/\\\/ludwighohl.ch\\\/cms\\\/\",\"name\":\"Ludwig Hohl\",\"description\":\"Stiftung\",\"publisher\":{\"@id\":\"https:\\\/\\\/ludwighohl.ch\\\/cms\\\/#organization\"},\"potentialAction\":[{\"@type\":\"SearchAction\",\"target\":{\"@type\":\"EntryPoint\",\"urlTemplate\":\"https:\\\/\\\/ludwighohl.ch\\\/cms\\\/?s={search_term_string}\"},\"query-input\":{\"@type\":\"PropertyValueSpecification\",\"valueRequired\":true,\"valueName\":\"search_term_string\"}}],\"inLanguage\":\"fr-FR\"},{\"@type\":\"Organization\",\"@id\":\"https:\\\/\\\/ludwighohl.ch\\\/cms\\\/#organization\",\"name\":\"Ludwig Hohl Stiftung\",\"url\":\"https:\\\/\\\/ludwighohl.ch\\\/cms\\\/\",\"logo\":{\"@type\":\"ImageObject\",\"inLanguage\":\"fr-FR\",\"@id\":\"https:\\\/\\\/ludwighohl.ch\\\/cms\\\/#\\\/schema\\\/logo\\\/image\\\/\",\"url\":\"https:\\\/\\\/ludwighohl.ch\\\/cms\\\/wp-content\\\/uploads\\\/2021\\\/04\\\/cropped-favicon-2.png\",\"contentUrl\":\"https:\\\/\\\/ludwighohl.ch\\\/cms\\\/wp-content\\\/uploads\\\/2021\\\/04\\\/cropped-favicon-2.png\",\"width\":512,\"height\":512,\"caption\":\"Ludwig Hohl Stiftung\"},\"image\":{\"@id\":\"https:\\\/\\\/ludwighohl.ch\\\/cms\\\/#\\\/schema\\\/logo\\\/image\\\/\"},\"sameAs\":[\"https:\\\/\\\/www.facebook.com\\\/stiftungludwighohl\\\/\",\"https:\\\/\\\/x.com\\\/HohlLudwig\"]}]}<\/script>\n<!-- \/ Yoast SEO plugin. -->","yoast_head_json":{"title":"Impressum neu - Ludwig Hohl","robots":{"index":"index","follow":"follow","max-snippet":"max-snippet:-1","max-image-preview":"max-image-preview:large","max-video-preview":"max-video-preview:-1"},"canonical":"https:\/\/ludwighohl.ch\/cms\/fr\/impressum-neu\/","og_locale":"fr_FR","og_type":"article","og_title":"Impressum neu - Ludwig Hohl","og_description":"Impressum KontaktLudwig Hohl Stiftungc\/o Prof. Dr. Thomas FriesPlattenstrasse 43,&nbsp;CH\u20138032 Z\u00fcrichstiftung@ludwighohl.ch Vertretungsberechtigte PersonenMarcus Andreas SartoriusProf. Dr. Thomas Fries Handelsregister-EintragEingetragener Firmenname: Ludwig Hohl StiftungHandelsregister Nr: CHE-102.031.414 WebsiteBettina Mosca: Inhalt, Redaktion, KorrekturSascha Deboni: Inhalt, Redaktion, BilderClaudia Wehrli: Text, Konzept, Design Datenschutz DatenspeicherungDie Website sammelt standardm\u00e4ssig technische Daten als Cookies. Dar\u00fcber hinaus werden aber keine pers\u00f6nlichen Daten gesammelt. HaftungsausschlussDer [&hellip;]","og_url":"https:\/\/ludwighohl.ch\/cms\/fr\/impressum-neu\/","og_site_name":"Ludwig Hohl","article_publisher":"https:\/\/www.facebook.com\/stiftungludwighohl\/","article_modified_time":"2022-05-04T09:59:37+00:00","twitter_card":"summary_large_image","twitter_site":"@HohlLudwig","twitter_misc":{"Dur\u00e9e de lecture estim\u00e9e":"2 minutes"},"schema":{"@context":"https:\/\/schema.org","@graph":[{"@type":"WebPage","@id":"https:\/\/ludwighohl.ch\/cms\/impressum-neu\/","url":"https:\/\/ludwighohl.ch\/cms\/impressum-neu\/","name":"Impressum neu - Ludwig Hohl","isPartOf":{"@id":"https:\/\/ludwighohl.ch\/cms\/#website"},"datePublished":"2021-06-12T12:21:51+00:00","dateModified":"2022-05-04T09:59:37+00:00","breadcrumb":{"@id":"https:\/\/ludwighohl.ch\/cms\/impressum-neu\/#breadcrumb"},"inLanguage":"fr-FR","potentialAction":[{"@type":"ReadAction","target":["https:\/\/ludwighohl.ch\/cms\/impressum-neu\/"]}]},{"@type":"BreadcrumbList","@id":"https:\/\/ludwighohl.ch\/cms\/impressum-neu\/#breadcrumb","itemListElement":[{"@type":"ListItem","position":1,"name":"coming soon","item":"https:\/\/ludwighohl.ch\/cms\/"},{"@type":"ListItem","position":2,"name":"Impressum neu"}]},{"@type":"WebSite","@id":"https:\/\/ludwighohl.ch\/cms\/#website","url":"https:\/\/ludwighohl.ch\/cms\/","name":"Ludwig Hohl","description":"Fondation","publisher":{"@id":"https:\/\/ludwighohl.ch\/cms\/#organization"},"potentialAction":[{"@type":"SearchAction","target":{"@type":"EntryPoint","urlTemplate":"https:\/\/ludwighohl.ch\/cms\/?s={search_term_string}"},"query-input":{"@type":"PropertyValueSpecification","valueRequired":true,"valueName":"search_term_string"}}],"inLanguage":"fr-FR"},{"@type":"Organization","@id":"https:\/\/ludwighohl.ch\/cms\/#organization","name":"Fondation Ludwig Hohl","url":"https:\/\/ludwighohl.ch\/cms\/","logo":{"@type":"ImageObject","inLanguage":"fr-FR","@id":"https:\/\/ludwighohl.ch\/cms\/#\/schema\/logo\/image\/","url":"https:\/\/ludwighohl.ch\/cms\/wp-content\/uploads\/2021\/04\/cropped-favicon-2.png","contentUrl":"https:\/\/ludwighohl.ch\/cms\/wp-content\/uploads\/2021\/04\/cropped-favicon-2.png","width":512,"height":512,"caption":"Ludwig Hohl Stiftung"},"image":{"@id":"https:\/\/ludwighohl.ch\/cms\/#\/schema\/logo\/image\/"},"sameAs":["https:\/\/www.facebook.com\/stiftungludwighohl\/","https:\/\/x.com\/HohlLudwig"]}]}},"_links":{"self":[{"href":"https:\/\/ludwighohl.ch\/cms\/fr\/wp-json\/wp\/v2\/pages\/3393","targetHints":{"allow":["GET"]}}],"collection":[{"href":"https:\/\/ludwighohl.ch\/cms\/fr\/wp-json\/wp\/v2\/pages"}],"about":[{"href":"https:\/\/ludwighohl.ch\/cms\/fr\/wp-json\/wp\/v2\/types\/page"}],"author":[{"embeddable":true,"href":"https:\/\/ludwighohl.ch\/cms\/fr\/wp-json\/wp\/v2\/users\/2"}],"replies":[{"embeddable":true,"href":"https:\/\/ludwighohl.ch\/cms\/fr\/wp-json\/wp\/v2\/comments?post=3393"}],"version-history":[{"count":35,"href":"https:\/\/ludwighohl.ch\/cms\/fr\/wp-json\/wp\/v2\/pages\/3393\/revisions"}],"predecessor-version":[{"id":4750,"href":"https:\/\/ludwighohl.ch\/cms\/fr\/wp-json\/wp\/v2\/pages\/3393\/revisions\/4750"}],"wp:attachment":[{"href":"https:\/\/ludwighohl.ch\/cms\/fr\/wp-json\/wp\/v2\/media?parent=3393"}],"curies":[{"name":"wp","href":"https:\/\/api.w.org\/{rel}","templated":true}]}}